{"id":1220,"date":"2022-03-09T13:36:15","date_gmt":"2022-03-09T13:36:15","guid":{"rendered":"https:\/\/brightpatternmusic.com\/?page_id=1220"},"modified":"2026-04-09T07:22:12","modified_gmt":"2026-04-09T07:22:12","slug":"impressum","status":"publish","type":"page","link":"https:\/\/brightpatternmusic.com\/?page_id=1220","title":{"rendered":"Impressum"},"content":{"rendered":"\t\t<div data-elementor-type=\"wp-page\" data-elementor-id=\"1220\" class=\"elementor elementor-1220\">\n\t\t\t\t\t\t<section class=\"elementor-section elementor-top-section elementor-element elementor-element-6721265 elementor-section-full_width elementor-section-height-default elementor-section-height-default\" data-id=\"6721265\" data-element_type=\"section\" data-e-type=\"section\" data-settings=\"{&quot;background_background&quot;:&quot;classic&quot;}\">\n\t\t\t\t\t\t<div class=\"elementor-container elementor-column-gap-default\">\n\t\t\t\t\t<div class=\"elementor-column elementor-col-100 elementor-top-column elementor-element elementor-element-f6be692 animated-slow elementor-invisible\" data-id=\"f6be692\" data-element_type=\"column\" data-e-type=\"column\" data-settings=\"{&quot;animation&quot;:&quot;fadeIn&quot;}\">\n\t\t\t<div class=\"elementor-widget-wrap elementor-element-populated\">\n\t\t\t\t\t\t<div class=\"elementor-element elementor-element-ff2b8ef elementor-widget elementor-widget-menu-anchor\" data-id=\"ff2b8ef\" data-element_type=\"widget\" data-e-type=\"widget\" data-widget_type=\"menu-anchor.default\">\n\t\t\t\t<div class=\"elementor-widget-container\">\n\t\t\t\t\t\t\t<div class=\"elementor-menu-anchor\" id=\"about\"><\/div>\n\t\t\t\t\t\t<\/div>\n\t\t\t\t<\/div>\n\t\t\t\t<div class=\"elementor-element elementor-element-400657c elementor-widget elementor-widget-menu-anchor\" data-id=\"400657c\" data-element_type=\"widget\" data-e-type=\"widget\" data-widget_type=\"menu-anchor.default\">\n\t\t\t\t<div class=\"elementor-widget-container\">\n\t\t\t\t\t\t\t<div class=\"elementor-menu-anchor\" id=\"abo\"><\/div>\n\t\t\t\t\t\t<\/div>\n\t\t\t\t<\/div>\n\t\t\t\t<div class=\"elementor-element elementor-element-bd3fdb9 elementor-widget elementor-widget-heading\" data-id=\"bd3fdb9\" data-element_type=\"widget\" data-e-type=\"widget\" data-widget_type=\"heading.default\">\n\t\t\t\t<div class=\"elementor-widget-container\">\n\t\t\t\t\t<h1 class=\"elementor-heading-title elementor-size-default\">Impressum<\/h1>\t\t\t\t<\/div>\n\t\t\t\t<\/div>\n\t\t\t\t<div class=\"elementor-element elementor-element-8dcf197 elementor-widget elementor-widget-text-editor\" data-id=\"8dcf197\" data-element_type=\"widget\" data-e-type=\"widget\" data-widget_type=\"text-editor.default\">\n\t\t\t\t<div class=\"elementor-widget-container\">\n\t\t\t\t\t\t\t\t\t<p>Lukas Dingelmaier<br \/>Griesfeldweg 1<br \/>86316 Friedberg<\/p><p>Telefon: +498216507324<br \/>E-Mail: <a href=\"mailto:info@brightpatternmusic.com\">info (at) brightpatternmusic.com<\/a><\/p><h2>\u00a0<\/h2><h2>Disclaimer \u2013 rechtliche Hinweise<\/h2><p><strong>\u00a7 1 Warnhinweis zu Inhalten<\/strong><br \/>Die kostenlosen und frei zug\u00e4nglichen Inhalte dieser Webseite wurden mit gr\u00f6\u00dftm\u00f6glicher Sorgfalt erstellt. Der Anbieter dieser Webseite \u00fcbernimmt jedoch keine Gew\u00e4hr f\u00fcr die Richtigkeit und Aktualit\u00e4t der bereitgestellten kostenlosen und frei zug\u00e4nglichen journalistischen Ratgeber und Nachrichten. Namentlich gekennzeichnete Beitr\u00e4ge geben die Meinung des jeweiligen Autors und nicht immer die Meinung des Anbieters wieder. Allein durch den Aufruf der kostenlosen und frei zug\u00e4nglichen Inhalte kommt keinerlei Vertragsverh\u00e4ltnis zwischen dem Nutzer und dem Anbieter zustande, insoweit fehlt es am Rechtsbindungswillen des Anbieters.<\/p><p><strong><br \/>\u00a7 2 Externe Links<\/strong><br \/>Diese Website enth\u00e4lt Verkn\u00fcpfungen zu Websites Dritter (&#8222;externe Links&#8220;). Diese Websites unterliegen der Haftung der jeweiligen Betreiber. Der Anbieter hat bei der erstmaligen Verkn\u00fcpfung der externen Links die fremden Inhalte daraufhin \u00fcberpr\u00fcft, ob etwaige Rechtsverst\u00f6\u00dfe bestehen. Zu dem Zeitpunkt waren keine Rechtsverst\u00f6\u00dfe ersichtlich. Der Anbieter hat keinerlei Einfluss auf die aktuelle und zuk\u00fcnftige Gestaltung und auf die Inhalte der verkn\u00fcpften Seiten. Das Setzen von externen Links bedeutet nicht, dass sich der Anbieter die hinter dem Verweis oder Link liegenden Inhalte zu Eigen macht. Eine st\u00e4ndige Kontrolle der externen Links ist f\u00fcr den Anbieter ohne konkrete Hinweise auf Rechtsverst\u00f6\u00dfe nicht zumutbar. Bei Kenntnis von Rechtsverst\u00f6\u00dfen werden jedoch derartige externe Links unverz\u00fcglich gel\u00f6scht.<\/p><p><strong><br \/>\u00a7 3 Urheber- und Leistungsschutzrechte<\/strong><br \/>Die auf dieser Website ver\u00f6ffentlichten Inhalte unterliegen dem deutschen Urheber- und Leistungsschutzrecht. Jede vom deutschen Urheber- und Leistungsschutzrecht nicht zugelassene Verwertung bedarf der vorherigen schriftlichen Zustimmung des Anbieters oder jeweiligen Rechteinhabers. Dies gilt insbesondere f\u00fcr Vervielf\u00e4ltigung, Bearbeitung, \u00dcbersetzung, Einspeicherung, Verarbeitung bzw. Wiedergabe von Inhalten in Datenbanken oder anderen elektronischen Medien und Systemen. Inhalte und Rechte Dritter sind dabei als solche gekennzeichnet. Die unerlaubte Vervielf\u00e4ltigung oder Weitergabe einzelner Inhalte oder kompletter Seiten ist nicht gestattet und strafbar. Lediglich die Herstellung von Kopien und Downloads f\u00fcr den pers\u00f6nlichen, privaten und nicht kommerziellen Gebrauch ist erlaubt.<\/p><p>Die Darstellung dieser Website in fremden Frames ist nur mit schriftlicher Erlaubnis zul\u00e4ssig.<\/p><p><strong><br \/>\u00a7 4 Besondere Nutzungsbedingungen<\/strong><br \/>Soweit besondere Bedingungen f\u00fcr einzelne Nutzungen dieser Website von den vorgenannten Paragraphen abweichen, wird an entsprechender Stelle ausdr\u00fccklich darauf hingewiesen. In diesem Falle gelten im jeweiligen Einzelfall die besonderen Nutzungsbedingungen.<\/p><p>Quelle: <a href=\"https:\/\/www.juraforum.de\">juraforum.de<\/a><\/p><h4>\u00a0<\/h4><h4>\u00a0<\/h4><h4 style=\"border: 0px solid #e5e7eb; --tw-translate-x: 0; --tw-translate-y: 0; --tw-rotate: 0; --tw-skew-x: 0; --tw-skew-y: 0; --tw-scale-x: 1; --tw-scale-y: 1; --tw-scroll-snap-strictness: proximity; --tw-ring-offset-width: 0px; --tw-ring-offset-color: #fff; --tw-ring-color: rgba(59,130,246,.5); --tw-ring-offset-shadow: 0 0 #0000; --tw-ring-shadow: 0 0 #0000; --tw-shadow: 0 0 #0000; --tw-shadow-colored: 0 0 #0000; font-size: 1.125rem; font-weight: 800; margin-bottom: 0.25rem; overflow-wrap: break-word; font-family: var(--brand-font-family),ui-sans-serif,system-ui,-apple-system,BlinkMacSystemFont,'Segoe UI',Roboto,'Helvetica Neue',Arial,'Noto Sans',sans-serif,'Apple Color Emoji','Segoe UI Emoji','Segoe UI Symbol','Noto Color Emoji'; line-height: normal; letter-spacing: 0.047rem; color: #000000;\">Quellenangaben f\u00fcr die verwendeten Medien:<\/h4><p><span style=\"font-family: Gilroy, ui-sans-serif, system-ui, -apple-system, BlinkMacSystemFont, 'Segoe UI', Roboto, 'Helvetica Neue', Arial, 'Noto Sans', sans-serif, 'Apple Color Emoji', 'Segoe UI Emoji', 'Segoe UI Symbol', 'Noto Color Emoji'; font-size: 16px;\">\u00a9 Yvonne Rappolder-St\u00f6\u00dfel &#8211; https:\/\/www.veitograf.de<\/span><\/p><p><span style=\"font-family: Gilroy, ui-sans-serif, system-ui, -apple-system, BlinkMacSystemFont, 'Segoe UI', Roboto, 'Helvetica Neue', Arial, 'Noto Sans', sans-serif, 'Apple Color Emoji', 'Segoe UI Emoji', 'Segoe UI Symbol', 'Noto Color Emoji'; font-size: 16px;\">\u00a9 Harald Hoppentaler &#8211; https:\/\/www.instagram.com\/harald_hoppenthaler<\/span><\/p><p><span style=\"font-family: Gilroy, ui-sans-serif, system-ui, -apple-system, BlinkMacSystemFont, 'Segoe UI', Roboto, 'Helvetica Neue', Arial, 'Noto Sans', sans-serif, 'Apple Color Emoji', 'Segoe UI Emoji', 'Segoe UI Symbol', 'Noto Color Emoji'; font-size: 16px;\">\u00a9 Robert Zhao Renhui &#8211; https:\/\/www.instagram.com\/robert_zhao<\/span><\/p>\t\t\t\t\t\t\t\t<\/div>\n\t\t\t\t<\/div>\n\t\t\t\t\t<\/div>\n\t\t<\/div>\n\t\t\t\t\t<\/div>\n\t\t<\/section>\n\t\t\t\t<\/div>\n\t\t","protected":false},"excerpt":{"rendered":"<p>Impressum Lukas DingelmaierGriesfeldweg 186316 Friedberg Telefon: +498216507324E-Mail: info (at) brightpatternmusic.com \u00a0 Disclaimer \u2013 rechtliche Hinweise \u00a7 1 Warnhinweis zu InhaltenDie kostenlosen und frei zug\u00e4nglichen Inhalte dieser Webseite wurden mit gr\u00f6\u00dftm\u00f6glicher Sorgfalt erstellt. Der Anbieter dieser Webseite \u00fcbernimmt jedoch keine Gew\u00e4hr f\u00fcr die Richtigkeit und Aktualit\u00e4t der bereitgestellten kostenlosen und frei zug\u00e4nglichen journalistischen Ratgeber und Nachrichten.&hellip; <a class=\"more-link\" href=\"https:\/\/brightpatternmusic.com\/?page_id=1220\"><span class=\"screen-reader-text\">Impressum<\/span> weiterlesen<\/a><\/p>\n","protected":false},"author":2,"featured_media":0,"parent":0,"menu_order":0,"comment_status":"closed","ping_status":"closed","template":"elementor_header_footer","meta":{"om_disable_all_campaigns":false,"inline_featured_image":false,"_uf_show_specific_survey":0,"_uf_disable_surveys":false,"footnotes":""},"class_list":["post-1220","page","type-page","status-publish","hentry","entry"],"aioseo_notices":[],"yoast_head":"<!-- This site is optimized with the Yoast SEO plugin v27.5 - https:\/\/yoast.com\/product\/yoast-seo-wordpress\/ -->\n<title>Impressum - Bright Pattern<\/title>\n<meta name=\"robots\" content=\"index, follow, max-snippet:-1, max-image-preview:large, max-video-preview:-1\" \/>\n<link rel=\"canonical\" href=\"https:\/\/brightpatternmusic.com\/?page_id=1220\" \/>\n<meta property=\"og:locale\" content=\"de_DE\" \/>\n<meta property=\"og:type\" content=\"article\" \/>\n<meta property=\"og:title\" content=\"Impressum - Bright Pattern\" \/>\n<meta property=\"og:description\" content=\"Impressum Lukas DingelmaierGriesfeldweg 186316 Friedberg Telefon: +498216507324E-Mail: info (at) brightpatternmusic.com \u00a0 Disclaimer \u2013 rechtliche Hinweise \u00a7 1 Warnhinweis zu InhaltenDie kostenlosen und frei zug\u00e4nglichen Inhalte dieser Webseite wurden mit gr\u00f6\u00dftm\u00f6glicher Sorgfalt erstellt. Der Anbieter dieser Webseite \u00fcbernimmt jedoch keine Gew\u00e4hr f\u00fcr die Richtigkeit und Aktualit\u00e4t der bereitgestellten kostenlosen und frei zug\u00e4nglichen journalistischen Ratgeber und Nachrichten.&hellip; Impressum weiterlesen\" \/>\n<meta property=\"og:url\" content=\"https:\/\/brightpatternmusic.com\/?page_id=1220\" \/>\n<meta property=\"og:site_name\" content=\"Bright Pattern\" \/>\n<meta property=\"article:modified_time\" content=\"2026-04-09T07:22:12+00:00\" \/>\n<meta name=\"twitter:card\" content=\"summary_large_image\" \/>\n<meta name=\"twitter:label1\" content=\"Gesch\u00e4tzte Lesezeit\" \/>\n\t<meta name=\"twitter:data1\" content=\"3\u00a0Minuten\" \/>\n<script type=\"application\/ld+json\" class=\"yoast-schema-graph\">{\"@context\":\"https:\\\/\\\/schema.org\",\"@graph\":[{\"@type\":\"WebPage\",\"@id\":\"https:\\\/\\\/brightpatternmusic.com\\\/?page_id=1220\",\"url\":\"https:\\\/\\\/brightpatternmusic.com\\\/?page_id=1220\",\"name\":\"Impressum - Bright Pattern\",\"isPartOf\":{\"@id\":\"https:\\\/\\\/brightpatternmusic.com\\\/#website\"},\"datePublished\":\"2022-03-09T13:36:15+00:00\",\"dateModified\":\"2026-04-09T07:22:12+00:00\",\"breadcrumb\":{\"@id\":\"https:\\\/\\\/brightpatternmusic.com\\\/?page_id=1220#breadcrumb\"},\"inLanguage\":\"de\",\"potentialAction\":[{\"@type\":\"ReadAction\",\"target\":[\"https:\\\/\\\/brightpatternmusic.com\\\/?page_id=1220\"]}]},{\"@type\":\"BreadcrumbList\",\"@id\":\"https:\\\/\\\/brightpatternmusic.com\\\/?page_id=1220#breadcrumb\",\"itemListElement\":[{\"@type\":\"ListItem\",\"position\":1,\"name\":\"Startseite\",\"item\":\"https:\\\/\\\/brightpatternmusic.com\\\/\"},{\"@type\":\"ListItem\",\"position\":2,\"name\":\"Impressum\"}]},{\"@type\":\"WebSite\",\"@id\":\"https:\\\/\\\/brightpatternmusic.com\\\/#website\",\"url\":\"https:\\\/\\\/brightpatternmusic.com\\\/\",\"name\":\"Bright Pattern\",\"description\":\"Indierock from bavaria\",\"publisher\":{\"@id\":\"https:\\\/\\\/brightpatternmusic.com\\\/#organization\"},\"potentialAction\":[{\"@type\":\"SearchAction\",\"target\":{\"@type\":\"EntryPoint\",\"urlTemplate\":\"https:\\\/\\\/brightpatternmusic.com\\\/?s={search_term_string}\"},\"query-input\":{\"@type\":\"PropertyValueSpecification\",\"valueRequired\":true,\"valueName\":\"search_term_string\"}}],\"inLanguage\":\"de\"},{\"@type\":\"Organization\",\"@id\":\"https:\\\/\\\/brightpatternmusic.com\\\/#organization\",\"name\":\"Bright Pattern\",\"url\":\"https:\\\/\\\/brightpatternmusic.com\\\/\",\"logo\":{\"@type\":\"ImageObject\",\"inLanguage\":\"de\",\"@id\":\"https:\\\/\\\/brightpatternmusic.com\\\/#\\\/schema\\\/logo\\\/image\\\/\",\"url\":\"https:\\\/\\\/brightpatternmusic.com\\\/wp-content\\\/uploads\\\/2022\\\/02\\\/bright-pattern-logo-schwarz.svg\",\"contentUrl\":\"https:\\\/\\\/brightpatternmusic.com\\\/wp-content\\\/uploads\\\/2022\\\/02\\\/bright-pattern-logo-schwarz.svg\",\"width\":990,\"height\":416,\"caption\":\"Bright Pattern\"},\"image\":{\"@id\":\"https:\\\/\\\/brightpatternmusic.com\\\/#\\\/schema\\\/logo\\\/image\\\/\"}}]}<\/script>\n<!-- \/ Yoast SEO plugin. -->","yoast_head_json":{"title":"Impressum - Bright Pattern","robots":{"index":"index","follow":"follow","max-snippet":"max-snippet:-1","max-image-preview":"max-image-preview:large","max-video-preview":"max-video-preview:-1"},"canonical":"https:\/\/brightpatternmusic.com\/?page_id=1220","og_locale":"de_DE","og_type":"article","og_title":"Impressum - Bright Pattern","og_description":"Impressum Lukas DingelmaierGriesfeldweg 186316 Friedberg Telefon: +498216507324E-Mail: info (at) brightpatternmusic.com \u00a0 Disclaimer \u2013 rechtliche Hinweise \u00a7 1 Warnhinweis zu InhaltenDie kostenlosen und frei zug\u00e4nglichen Inhalte dieser Webseite wurden mit gr\u00f6\u00dftm\u00f6glicher Sorgfalt erstellt. Der Anbieter dieser Webseite \u00fcbernimmt jedoch keine Gew\u00e4hr f\u00fcr die Richtigkeit und Aktualit\u00e4t der bereitgestellten kostenlosen und frei zug\u00e4nglichen journalistischen Ratgeber und Nachrichten.&hellip; Impressum weiterlesen","og_url":"https:\/\/brightpatternmusic.com\/?page_id=1220","og_site_name":"Bright Pattern","article_modified_time":"2026-04-09T07:22:12+00:00","twitter_card":"summary_large_image","twitter_misc":{"Gesch\u00e4tzte Lesezeit":"3\u00a0Minuten"},"schema":{"@context":"https:\/\/schema.org","@graph":[{"@type":"WebPage","@id":"https:\/\/brightpatternmusic.com\/?page_id=1220","url":"https:\/\/brightpatternmusic.com\/?page_id=1220","name":"Impressum - Bright Pattern","isPartOf":{"@id":"https:\/\/brightpatternmusic.com\/#website"},"datePublished":"2022-03-09T13:36:15+00:00","dateModified":"2026-04-09T07:22:12+00:00","breadcrumb":{"@id":"https:\/\/brightpatternmusic.com\/?page_id=1220#breadcrumb"},"inLanguage":"de","potentialAction":[{"@type":"ReadAction","target":["https:\/\/brightpatternmusic.com\/?page_id=1220"]}]},{"@type":"BreadcrumbList","@id":"https:\/\/brightpatternmusic.com\/?page_id=1220#breadcrumb","itemListElement":[{"@type":"ListItem","position":1,"name":"Startseite","item":"https:\/\/brightpatternmusic.com\/"},{"@type":"ListItem","position":2,"name":"Impressum"}]},{"@type":"WebSite","@id":"https:\/\/brightpatternmusic.com\/#website","url":"https:\/\/brightpatternmusic.com\/","name":"Bright Pattern","description":"Indierock from bavaria","publisher":{"@id":"https:\/\/brightpatternmusic.com\/#organization"},"potentialAction":[{"@type":"SearchAction","target":{"@type":"EntryPoint","urlTemplate":"https:\/\/brightpatternmusic.com\/?s={search_term_string}"},"query-input":{"@type":"PropertyValueSpecification","valueRequired":true,"valueName":"search_term_string"}}],"inLanguage":"de"},{"@type":"Organization","@id":"https:\/\/brightpatternmusic.com\/#organization","name":"Bright Pattern","url":"https:\/\/brightpatternmusic.com\/","logo":{"@type":"ImageObject","inLanguage":"de","@id":"https:\/\/brightpatternmusic.com\/#\/schema\/logo\/image\/","url":"https:\/\/brightpatternmusic.com\/wp-content\/uploads\/2022\/02\/bright-pattern-logo-schwarz.svg","contentUrl":"https:\/\/brightpatternmusic.com\/wp-content\/uploads\/2022\/02\/bright-pattern-logo-schwarz.svg","width":990,"height":416,"caption":"Bright Pattern"},"image":{"@id":"https:\/\/brightpatternmusic.com\/#\/schema\/logo\/image\/"}}]}},"jetpack_sharing_enabled":true,"_links":{"self":[{"href":"https:\/\/brightpatternmusic.com\/index.php?rest_route=\/wp\/v2\/pages\/1220","targetHints":{"allow":["GET"]}}],"collection":[{"href":"https:\/\/brightpatternmusic.com\/index.php?rest_route=\/wp\/v2\/pages"}],"about":[{"href":"https:\/\/brightpatternmusic.com\/index.php?rest_route=\/wp\/v2\/types\/page"}],"author":[{"embeddable":true,"href":"https:\/\/brightpatternmusic.com\/index.php?rest_route=\/wp\/v2\/users\/2"}],"replies":[{"embeddable":true,"href":"https:\/\/brightpatternmusic.com\/index.php?rest_route=%2Fwp%2Fv2%2Fcomments&post=1220"}],"version-history":[{"count":25,"href":"https:\/\/brightpatternmusic.com\/index.php?rest_route=\/wp\/v2\/pages\/1220\/revisions"}],"predecessor-version":[{"id":2528,"href":"https:\/\/brightpatternmusic.com\/index.php?rest_route=\/wp\/v2\/pages\/1220\/revisions\/2528"}],"wp:attachment":[{"href":"https:\/\/brightpatternmusic.com\/index.php?rest_route=%2Fwp%2Fv2%2Fmedia&parent=1220"}],"curies":[{"name":"wp","href":"https:\/\/api.w.org\/{rel}","templated":true}]}}